{"id":1047,"date":"2012-10-22T15:07:50","date_gmt":"2012-10-22T13:07:50","guid":{"rendered":"https:\/\/www.abenteuersuechtig.de\/?page_id=1047"},"modified":"2013-12-27T19:38:16","modified_gmt":"2013-12-27T18:38:16","slug":"motorradtouren","status":"publish","type":"page","link":"https:\/\/www.abenteuersuechtig.de\/index.php\/ueber-uns\/tourenbucher\/motorradtouren\/","title":{"rendered":"Motorradtouren"},"content":{"rendered":"<p>Hier werdet ihr in Zukunft viele unserer Motorradtouren gesammelt finden, nach M\u00f6glichkeit auch mit GPX-Dateien zum Download. Die Zeitangaben sind im Normalfall inkl. Pausenzeiten. Viel Spa\u00df beim Fahren.<\/p>\n\n<table id=\"tablepress-4\" class=\"tablepress tablepress-id-4\">\n<thead>\n<tr class=\"row-1\">\n\t<th class=\"column-1\">Datum<\/th><th class=\"column-2\">Region<\/th><th class=\"column-3\">Strecke<\/th><th class=\"column-4\">Dauer<\/th><th class=\"column-5\">Blogartikel<\/th><th class=\"column-6\">GPX<\/th><th class=\"column-7\">Wer?<\/th><th class=\"column-8\">Und?<\/th>\n<\/tr>\n<\/thead>\n<tbody class=\"row-striping row-hover\">\n<tr class=\"row-2\">\n\t<td class=\"column-1\">29.09.2013<\/td><td class=\"column-2\">Elsass<\/td><td class=\"column-3\">435km<\/td><td class=\"column-4\">9,5h<\/td><td class=\"column-5\"><a href=\"http:\/\/www.abenteuersuechtig.de\/index.php\/elsass-und-vogesen-auf-dem-motorrad\/\" target=\"_blank\">Hier<\/a><\/td><td class=\"column-6\"><a href=\"http:\/\/www.abenteuersuechtig.de\/wp-content\/uploads\/gpx\/2013-09-29.gpx\" target=\"_blank\">Hier<\/a><\/td><td class=\"column-7\">Flo<\/td><td class=\"column-8\">Wundervoll kurvige Cols mit H\u00f6hepunkt Grand Ballon<\/td>\n<\/tr>\n<tr class=\"row-3\">\n\t<td class=\"column-1\">28.09.2013<\/td><td class=\"column-2\">Elsass\/Vogesen<\/td><td class=\"column-3\">358km<\/td><td class=\"column-4\">10h<\/td><td class=\"column-5\"><a href=\"http:\/\/www.abenteuersuechtig.de\/index.php\/elsass-und-vogesen-auf-dem-motorrad\/\" target=\"_blank\">Hier<\/a><\/td><td class=\"column-6\"><a href=\"http:\/\/www.abenteuersuechtig.de\/wp-content\/uploads\/gpx\/2013-09-28.gpx\" target=\"_blank\">Hier<\/a><\/td><td class=\"column-7\">Flo<\/td><td class=\"column-8\">Viele Cols und eine absolut abwechslungsreiche Landschaft!<\/td>\n<\/tr>\n<tr class=\"row-4\">\n\t<td class=\"column-1\">27.09.2013<\/td><td class=\"column-2\">Pfalz-Vogesen<\/td><td class=\"column-3\">365km<\/td><td class=\"column-4\">9h<\/td><td class=\"column-5\"><a href=\"http:\/\/www.abenteuersuechtig.de\/index.php\/elsass-und-vogesen-auf-dem-motorrad\/\" target=\"_blank\">Hier<\/a><\/td><td class=\"column-6\"><a href=\"http:\/\/www.abenteuersuechtig.de\/wp-content\/uploads\/gpx\/2013-09-27.gpx\" target=\"_blank\">Hier<\/a><\/td><td class=\"column-7\">Flo<\/td><td class=\"column-8\">Sch\u00f6ne Tour von Mainz nach Stra\u00dfburg mitten durch den Pf\u00e4lzer Wald und die n\u00f6rdlichen Vogesen<\/td>\n<\/tr>\n<tr class=\"row-5\">\n\t<td class=\"column-1\">20.10.2012<\/td><td class=\"column-2\">Taunus<\/td><td class=\"column-3\">160km<\/td><td class=\"column-4\">4,5h<\/td><td class=\"column-5\"><a href=\"http:\/\/www.abenteuersuechtig.de\/index.php\/eine-schone-feierabendtagestour-durch-den-taunus\/\" target=\"_blank\">Hier<\/a><\/td><td class=\"column-6\"><a href=\"http:\/\/www.abenteuersuechtig.de\/wp-content\/uploads\/gpx\/2012-10-20.gpx\" target=\"_blank\">Hier<\/a><\/td><td class=\"column-7\">Dennis<\/td><td class=\"column-8\">Sch\u00f6ne Halbtagestour<\/td>\n<\/tr>\n<tr class=\"row-6\">\n\t<td class=\"column-1\">15.09.2012<\/td><td class=\"column-2\">Schweiz<\/td><td class=\"column-3\">540km<\/td><td class=\"column-4\">13,5h<\/td><td class=\"column-5\"><a href=\"http:\/\/www.abenteuersuechtig.de\/index.php\/motorradfahren-in-der-schweiz-2\/\" target=\"_blank\">Hier<\/a><\/td><td class=\"column-6\"><a href=\"http:\/\/www.abenteuersuechtig.de\/wp-content\/uploads\/gpx\/2012-09-15.gpx\" target=\"_blank\">Hier<\/a><\/td><td class=\"column-7\">Dennis, Flo<\/td><td class=\"column-8\">Suuuper!<\/td>\n<\/tr>\n<tr class=\"row-7\">\n\t<td class=\"column-1\">14.09.2012<\/td><td class=\"column-2\">Schweiz<\/td><td class=\"column-3\">340km<\/td><td class=\"column-4\">8h<\/td><td class=\"column-5\"><a href=\"http:\/\/www.abenteuersuechtig.de\/index.php\/motorradfahren-in-der-schweiz-2\/\" target=\"_blank\">Hier<\/a><\/td><td class=\"column-6\"><a href=\"http:\/\/www.abenteuersuechtig.de\/wp-content\/uploads\/gpx\/2012-09-14.gpx\" target=\"_blank\">Hier<\/a><\/td><td class=\"column-7\">Dennis, Flo<\/td><td class=\"column-8\">Richtig sch\u00f6n!<\/td>\n<\/tr>\n<tr class=\"row-8\">\n\t<td class=\"column-1\">10.06.2012<\/td><td class=\"column-2\">Odenwald<\/td><td class=\"column-3\">320km<\/td><td class=\"column-4\"><\/td><td class=\"column-5\"><a href=\"http:\/\/www.abenteuersuechtig.de\/index.php\/kurvenspas-motorradtour-kyffhauser-und-harz\/\" target=\"_blank\">Hier<\/a><\/td><td class=\"column-6\"><\/td><td class=\"column-7\">Flo<\/td><td class=\"column-8\">Sch\u00f6ne Tour!<\/td>\n<\/tr>\n<tr class=\"row-9\">\n\t<td class=\"column-1\">09.06.2012<\/td><td class=\"column-2\">Kyffh\u00e4user bis Mainz<\/td><td class=\"column-3\">485km<\/td><td class=\"column-4\">10h<\/td><td class=\"column-5\"><a href=\"http:\/\/www.abenteuersuechtig.de\/index.php\/kurvenspas-motorradtour-kyffhauser-und-harz\/\" target=\"_blank\">Hier<\/a><\/td><td class=\"column-6\"><\/td><td class=\"column-7\">Flo<\/td><td class=\"column-8\">Tolle Tour!<\/td>\n<\/tr>\n<tr class=\"row-10\">\n\t<td class=\"column-1\">08.06.2012<\/td><td class=\"column-2\">Mainz bis Kyffh\u00e4user<\/td><td class=\"column-3\">432km<\/td><td class=\"column-4\">12h<\/td><td class=\"column-5\"><a href=\"http:\/\/www.abenteuersuechtig.de\/index.php\/kurvenspas-motorradtour-kyffhauser-und-harz\/\" target=\"_blank\">Hier<\/a><\/td><td class=\"column-6\"><\/td><td class=\"column-7\">Flo<\/td><td class=\"column-8\">Tolle Tour!<\/td>\n<\/tr>\n<tr class=\"row-11\">\n\t<td class=\"column-1\">03.09.2012<\/td><td class=\"column-2\">Schweiz<\/td><td class=\"column-3\">425km<\/td><td class=\"column-4\">11h<\/td><td class=\"column-5\"><a href=\"http:\/\/www.abenteuersuechtig.de\/index.php\/motorradfahren-in-der-schweiz\/\" target=\"_blank\">Hier<\/a><\/td><td class=\"column-6\"><a href=\"http:\/\/www.abenteuersuechtig.de\/wp-content\/uploads\/gpx\/2011-09-03.gpx\" target=\"_blank\">Hier<\/a><\/td><td class=\"column-7\">Dennis, Flo<\/td><td class=\"column-8\">4-5 P\u00e4sse-Tour, toll!<\/td>\n<\/tr>\n<tr class=\"row-12\">\n\t<td class=\"column-1\">02.09.2011<\/td><td class=\"column-2\">Schweiz<\/td><td class=\"column-3\">190km<\/td><td class=\"column-4\">6,5h<\/td><td class=\"column-5\"><a href=\"http:\/\/www.abenteuersuechtig.de\/index.php\/motorradfahren-in-der-schweiz\/\" target=\"_blank\">Hier<\/a><\/td><td class=\"column-6\"><a href=\"http:\/\/www.abenteuersuechtig.de\/wp-content\/uploads\/gpx\/2011-09-02.gpx\" target=\"_blank\">Hier<\/a><\/td><td class=\"column-7\">Dennis, Flo<\/td><td class=\"column-8\">Sch\u00f6ne kurze Tour durch die Alpen<\/td>\n<\/tr>\n<tr class=\"row-13\">\n\t<td class=\"column-1\">04.06.2011<\/td><td class=\"column-2\">Oberbayern<\/td><td class=\"column-3\">ca. 280km<\/td><td class=\"column-4\">9,5h<\/td><td class=\"column-5\"><\/td><td class=\"column-6\"><a href=\"http:\/\/www.abenteuersuechtig.de\/wp-content\/uploads\/gpx\/2011-06-04.gpx\" target=\"_blank\">Hier<\/a><\/td><td class=\"column-7\">Dennis, Flo<\/td><td class=\"column-8\">Tolle Tour bis in die Alpen, GPX teils fehlerhaft<\/td>\n<\/tr>\n<tr class=\"row-14\">\n\t<td class=\"column-1\">03.06.2011<\/td><td class=\"column-2\">Oberbayern<\/td><td class=\"column-3\">270km<\/td><td class=\"column-4\">9,5h<\/td><td class=\"column-5\"><\/td><td class=\"column-6\"><a href=\"http:\/\/www.abenteuersuechtig.de\/wp-content\/uploads\/gpx\/2011-06-03.gpx\" target=\"_blank\">Hier<\/a><\/td><td class=\"column-7\">Dennis, Flo<\/td><td class=\"column-8\">Sch\u00f6ne Tour am Starnberger See<\/td>\n<\/tr>\n<tr class=\"row-15\">\n\t<td class=\"column-1\">02.06.2011<\/td><td class=\"column-2\">Mainz bis Starnberg<\/td><td class=\"column-3\">470km<\/td><td class=\"column-4\">8h<\/td><td class=\"column-5\"><\/td><td class=\"column-6\"><a href=\"http:\/\/www.abenteuersuechtig.de\/wp-content\/uploads\/gpx\/2011-06-02.gpx\" target=\"_blank\">Hier<\/a><\/td><td class=\"column-7\">Dennis, Flo<\/td><td class=\"column-8\">Erste H\u00e4lfte Autobahn, dann landschaftlich wundersch\u00f6n<\/td>\n<\/tr>\n<\/tbody>\n<\/table>\n<!-- #tablepress-4 from cache -->\n","protected":false},"excerpt":{"rendered":"<p><span class=\"excerpt-hellip\"> [\u2026]<\/span><\/p>\n","protected":false},"author":2,"featured_media":0,"parent":1053,"menu_order":2,"comment_status":"open","ping_status":"open","template":"","meta":{"ngg_post_thumbnail":0,"jetpack_post_was_ever_published":false,"footnotes":""},"class_list":["post-1047","page","type-page","status-publish","hentry"],"jetpack_shortlink":"https:\/\/wp.me\/P6K39A-gT","jetpack_sharing_enabled":true,"_links":{"self":[{"href":"https:\/\/www.abenteuersuechtig.de\/index.php\/wp-json\/wp\/v2\/pages\/1047","targetHints":{"allow":["GET"]}}],"collection":[{"href":"https:\/\/www.abenteuersuechtig.de\/index.php\/wp-json\/wp\/v2\/pages"}],"about":[{"href":"https:\/\/www.abenteuersuechtig.de\/index.php\/wp-json\/wp\/v2\/types\/page"}],"author":[{"embeddable":true,"href":"https:\/\/www.abenteuersuechtig.de\/index.php\/wp-json\/wp\/v2\/users\/2"}],"replies":[{"embeddable":true,"href":"https:\/\/www.abenteuersuechtig.de\/index.php\/wp-json\/wp\/v2\/comments?post=1047"}],"version-history":[{"count":25,"href":"https:\/\/www.abenteuersuechtig.de\/index.php\/wp-json\/wp\/v2\/pages\/1047\/revisions"}],"predecessor-version":[{"id":2046,"href":"https:\/\/www.abenteuersuechtig.de\/index.php\/wp-json\/wp\/v2\/pages\/1047\/revisions\/2046"}],"up":[{"embeddable":true,"href":"https:\/\/www.abenteuersuechtig.de\/index.php\/wp-json\/wp\/v2\/pages\/1053"}],"wp:attachment":[{"href":"https:\/\/www.abenteuersuechtig.de\/index.php\/wp-json\/wp\/v2\/media?parent=1047"}],"curies":[{"name":"wp","href":"https:\/\/api.w.org\/{rel}","templated":true}]}}